{"id":24851,"date":"2021-01-31T15:20:17","date_gmt":"2021-01-31T14:20:17","guid":{"rendered":"https:\/\/kryptobot.net\/?page_id=24851"},"modified":"2021-02-01T16:28:24","modified_gmt":"2021-02-01T15:28:24","slug":"how-it-works","status":"publish","type":"page","link":"https:\/\/kryptobot.net\/en\/how-it-works\/","title":{"rendered":"How it works?"},"content":{"rendered":"<p>[vc_row row_content_width=&#8221;grid&#8221; enable_grid_lines=&#8221;&#8221;][vc_column offset=&#8221;vc_col-lg-12 vc_col-md-12&#8243;]<div class=\"mkdf-elements-holder   mkdf-one-column  mkdf-responsive-mode-768 \" ><div class=\"mkdf-eh-item    \"  data-item-class=\"mkdf-eh-custom-6036\" data-1367-1600=\"91px 690px 82px 50px\" data-1025-1366=\"91px 520px 79px 0\" data-769-1024=\"109px 220px 276px 0\" data-681-768=\"109px 70px 209px 0\" data-680=\"114px 0px 177px 0\">\n\t<div class=\"mkdf-eh-item-inner\">\n\t\t<div class=\"mkdf-eh-item-content mkdf-eh-custom-6036\" style=\"padding: 91px 750px 165px 7px\">\n\t\t\t<div class=\"mkdf-section-title-holder  mkdf-st-standard  mkdf-st-left-aligned \" style=\"text-align: left\">\n\t<div class=\"mkdf-st-inner\">\n        \t\t\t\t\t<h2 class=\"mkdf-st-title\" >\n\t\t\t\tHow it works?\t\t\t<\/h2>\n\t\t        \t\t\t\t\t<p class=\"mkdf-st-text\" style=\"font-size: 18px;margin-top: 26px\">\n\t\t\t\tLaunch KryptoBot in 30 seconds and start cryptocurrency auto trading.\nYou don't need to be a professional trader!\t\t\t<\/p>\n\t\t\t<\/div>\n<\/div>\t\t<\/div>\n\t<\/div>\n<\/div><\/div>[\/vc_column][\/vc_row][vc_row enable_grid_lines=&#8221;&#8221; enable_skewed_section_effect=&#8221;yes&#8221; skewed_section_effect_top=&#8221;yes&#8221; skewed_section_effect_top_directions=&#8221;left-down-right&#8221; css=&#8221;.vc_custom_1541606417399{margin-right: 6% !important;margin-left: 6% !important;padding-bottom: 100px !important;}&#8221; simple_background_color=&#8221;#f2f7ff&#8221;][vc_column][vc_row_inner enable_grid_lines=&#8221;&#8221;][vc_column_inner width=&#8221;5\/12&#8243;][\/vc_column_inner][vc_column_inner width=&#8221;7\/12&#8243; css=&#8221;.vc_custom_1541606408232{margin-top: -48% !important;}&#8221;]<div class=\"mkdf-elements-holder   mkdf-one-column  mkdf-responsive-mode-768 \" ><div class=\"mkdf-eh-item    \"  data-item-class=\"mkdf-eh-custom-7688\" data-1367-1600=\"0 15px 0 0px\" data-1025-1366=\"0 30px 0 50px\" data-769-1024=\"0 0 0 0\" data-681-768=\"0 0 0 0\" data-680=\"0 0 0 0\">\n\t<div class=\"mkdf-eh-item-inner\">\n\t\t<div class=\"mkdf-eh-item-content mkdf-eh-custom-7688\" style=\"padding: 0 0 0 16px\">\n\t\t\t<div class=\"mkdf-single-image-holder   \">\n    <div class=\"mkdf-si-inner\" >\n                                    <img loading=\"lazy\" decoding=\"async\" width=\"750\" height=\"509\" src=\"https:\/\/kryptobot.net\/wp-content\/uploads\/2018\/11\/our-process-top-backround-img.png\" class=\"attachment-full size-full\" alt=\"h\" srcset=\"https:\/\/kryptobot.net\/wp-content\/uploads\/2018\/11\/our-process-top-backround-img.png 750w, https:\/\/kryptobot.net\/wp-content\/uploads\/2018\/11\/our-process-top-backround-img-600x407.png 600w, https:\/\/kryptobot.net\/wp-content\/uploads\/2018\/11\/our-process-top-backround-img-300x204.png 300w\" sizes=\"auto, (max-width: 750px) 100vw, 750px\" \/>                        <\/div>\n<\/div>\t\t<\/div>\n\t<\/div>\n<\/div><\/div>[\/vc_column_inner][\/vc_row_inner][\/vc_column][\/vc_row][vc_row row_content_width=&#8221;grid&#8221; enable_grid_lines=&#8221;&#8221; css=&#8221;.vc_custom_1545302309047{padding-top: 110px !important;padding-bottom: 200px !important;}&#8221;][vc_column]<div class=\"mkdf-section-title-holder  mkdf-st-standard   \" style=\"text-align: center\">\n\t<div class=\"mkdf-st-inner\">\n        \t\t\t\t\t<h2 class=\"mkdf-st-title\" >\n\t\t\t\tStart step by step\t\t\t<\/h2>\n\t\t        \t\t\t<\/div>\n<\/div>[vc_empty_space]<div class=\"mkdf-workflow   mkdf-workflow-animate\">\r\n    <span class=\"main-line\" style=\"\"><\/span>\r\n    <div class=\"mkdf-workflow-item mkdf-workflow-item-reached \">\r\n    <span class=\"line\" style=\"\"><\/span>\r\n    <span class=\"mkdf-workflow-curve mkdf-workflow-curve-1\"><\/span>\r\n    <span class=\"mkdf-workflow-curve mkdf-workflow-curve-2\"><\/span>\r\n    <span class=\"mkdf-workflow-curve mkdf-workflow-curve-3\"><\/span>\r\n    <div class=\"mkdf-workflow-item-inner\">\r\n        <div class=\"mkdf-workflow-image\">\r\n            <img loading=\"lazy\" decoding=\"async\" width=\"101\" height=\"109\" src=\"https:\/\/kryptobot.net\/wp-content\/uploads\/2018\/10\/h5-img-1.png\" class=\"attachment-full size-full\" alt=\"d\" \/>        <\/div>\r\n        <div class=\"mkdf-workflow-text\">\r\n            <span class=\"circle\" style=\"\"><\/span>\r\n                                        <h5 class=\"mkdf-workflow-item-title\">Create account in KryptoBot<\/h5>\r\n                                                    <p class=\"mkdf-workflow-item-text\">You can create account using your Google or Facebook account. Registration is free.<\/p>\r\n                    <\/div>\r\n    <\/div>\r\n<\/div><div class=\"mkdf-workflow-item  \">\r\n    <span class=\"line\" style=\"\"><\/span>\r\n    <span class=\"mkdf-workflow-curve mkdf-workflow-curve-1\"><\/span>\r\n    <span class=\"mkdf-workflow-curve mkdf-workflow-curve-2\"><\/span>\r\n    <span class=\"mkdf-workflow-curve mkdf-workflow-curve-3\"><\/span>\r\n    <div class=\"mkdf-workflow-item-inner\">\r\n        <div class=\"mkdf-workflow-image\">\r\n            <img loading=\"lazy\" decoding=\"async\" width=\"120\" height=\"113\" src=\"https:\/\/kryptobot.net\/wp-content\/uploads\/2018\/10\/h5-img-2.png\" class=\"attachment-full size-full\" alt=\"d\" \/>        <\/div>\r\n        <div class=\"mkdf-workflow-text\">\r\n            <span class=\"circle\" style=\"\"><\/span>\r\n                                        <h5 class=\"mkdf-workflow-item-title\">Create account in exchange<\/h5>\r\n                                                    <p class=\"mkdf-workflow-item-text\">Choose one of the best cryptocurrency exchanges and set up an account there. You must have funds on the stock exchange for KryptoBot to trade.<\/p>\r\n                    <\/div>\r\n    <\/div>\r\n<\/div><div class=\"mkdf-workflow-item  \">\r\n    <span class=\"line\" style=\"\"><\/span>\r\n    <span class=\"mkdf-workflow-curve mkdf-workflow-curve-1\"><\/span>\r\n    <span class=\"mkdf-workflow-curve mkdf-workflow-curve-2\"><\/span>\r\n    <span class=\"mkdf-workflow-curve mkdf-workflow-curve-3\"><\/span>\r\n    <div class=\"mkdf-workflow-item-inner\">\r\n        <div class=\"mkdf-workflow-image\">\r\n            <img loading=\"lazy\" decoding=\"async\" width=\"104\" height=\"86\" src=\"https:\/\/kryptobot.net\/wp-content\/uploads\/2018\/10\/h5-img-3.png\" class=\"attachment-full size-full\" alt=\"d\" \/>        <\/div>\r\n        <div class=\"mkdf-workflow-text\">\r\n            <span class=\"circle\" style=\"\"><\/span>\r\n                                        <h5 class=\"mkdf-workflow-item-title\">Create a strategy<\/h5>\r\n                                                    <p class=\"mkdf-workflow-item-text\">You need connect KryptoBot with the exchange and set your strategy. You should choose when the bot is to buy and sell. You can copy the traders&#039; strategy from our ranking.<\/p>\r\n                    <\/div>\r\n    <\/div>\r\n<\/div><div class=\"mkdf-workflow-item  \">\r\n    <span class=\"line\" style=\"\"><\/span>\r\n    <span class=\"mkdf-workflow-curve mkdf-workflow-curve-1\"><\/span>\r\n    <span class=\"mkdf-workflow-curve mkdf-workflow-curve-2\"><\/span>\r\n    <span class=\"mkdf-workflow-curve mkdf-workflow-curve-3\"><\/span>\r\n    <div class=\"mkdf-workflow-item-inner\">\r\n        <div class=\"mkdf-workflow-image\">\r\n            <img loading=\"lazy\" decoding=\"async\" width=\"92\" height=\"84\" src=\"https:\/\/kryptobot.net\/wp-content\/uploads\/2018\/10\/h5-img-4.png\" class=\"attachment-full size-full\" alt=\"d\" \/>        <\/div>\r\n        <div class=\"mkdf-workflow-text\">\r\n            <span class=\"circle\" style=\"\"><\/span>\r\n                                        <h5 class=\"mkdf-workflow-item-title\">Launch Bot<\/h5>\r\n                                                    <p class=\"mkdf-workflow-item-text\">One click is enough for KryptoBot to start working. We recommend installing our mobile application. We will send you information about transactions.<\/p>\r\n                    <\/div>\r\n    <\/div>\r\n<\/div><\/div>[\/vc_column][\/vc_row][vc_row enable_grid_lines=&#8221;&#8221; enable_skewed_section_effect=&#8221;yes&#8221; skewed_section_effect_top=&#8221;yes&#8221; skewed_section_effect_top_directions=&#8221;left-down-right&#8221; css=&#8221;.vc_custom_1542275742737{margin-right: 6% !important;margin-left: 6% !important;padding-top: 69px !important;padding-bottom: 81px !important;}&#8221; simple_background_color=&#8221;#f2f7ff&#8221;][vc_column][vc_row_inner content_placement=&#8221;middle&#8221; row_content_width=&#8221;grid&#8221; enable_grid_lines=&#8221;&#8221;][vc_column_inner offset=&#8221;vc_col-lg-offset-0 vc_col-lg-6 vc_col-md-offset-0 vc_col-md-12 vc_col-sm-offset-0&#8243;][vc_column_text]    <video-js id=\"videojs69e25df99d95e\" class=\"vjs-big-play-centered\" controls preload=\"auto\" autoplay loop playsinline data-setup='{\"fluid\": true}'>\r\n        <source src=\"\/wp-content\/uploads\/2021\/01\/wizard_pl_mp4_v5.webm\" type=\"video\/mp4\" \/><source src=\"\/wp-content\/uploads\/2021\/01\/wizard_pl_mp4_v5.webm\" type=\"video\/webm\" \/>\r\n    <\/video-js>\r\n           [\/vc_column_text][\/vc_column_inner][vc_column_inner offset=&#8221;vc_col-lg-offset-0 vc_col-lg-6 vc_col-md-offset-0 vc_col-md-12 vc_col-sm-offset-0&#8243;]<div class=\"mkdf-elements-holder   mkdf-one-column  mkdf-responsive-mode-768 \" ><div class=\"mkdf-eh-item    \"  data-item-class=\"mkdf-eh-custom-5441\" data-1367-1600=\"0 18% 0 12%\" data-1025-1366=\"0 12%\" data-769-1024=\"57px 210px 0 0\" data-681-768=\"10% 0 0 5%\" data-680=\"68px 0 0 0px\">\n\t<div class=\"mkdf-eh-item-inner\">\n\t\t<div class=\"mkdf-eh-item-content mkdf-eh-custom-5441\" style=\"padding: 0 18% 0 12%\">\n\t\t\t<div class=\"mkdf-section-title-holder  mkdf-st-standard  mkdf-st-left-aligned \" style=\"text-align: left\">\n\t<div class=\"mkdf-st-inner\">\n        \t\t\t\t\t<h3 class=\"mkdf-st-title\" >\n\t\t\t\tSee how <span class=\"mkdf-st-title-hightlight\" data-text=\"easy\"><span>easy<\/span><\/span> it is\t\t\t<\/h3>\n\t\t        \t\t\t\t\t<p class=\"mkdf-st-text\" style=\"font-size: 15px;line-height: 22px\">\n\t\t\t\tWe have prepared a special wizard to help you run your first task!\t\t\t<\/p>\n\t\t\t<\/div>\n<\/div>[vc_empty_space height=&#8221;44px&#8221;]<a itemprop=\"url\" href=\"\/en\/last-transactions\/\" target=\"_self\" style=\"background-color: #ff4b36\" class=\"mkdf-btn mkdf-btn-medium mkdf-btn-solid mkdf-btn-predefined-arrow\"  >\n    <span class=\"mkdf-btn-text\">Check it!<\/span>\n                    <svg class=\"mkdf-btn-svg-one\" version=\"1.1\" xmlns=\"http:\/\/www.w3.org\/2000\/svg\" xmlns:xlink=\"http:\/\/www.w3.org\/1999\/xlink\" x=\"0px\" y=\"0px\"\n                     viewBox=\"0 0 26 9\" style=\"enable-background:new 0 0 26 9;\" xml:space=\"preserve\">\n                    <path d=\"M26,4.7C26,4.6,26,4.4,26,4.3c0-0.1-0.1-0.1-0.1-0.2l-3.5-3.5c-0.2-0.2-0.5-0.2-0.7,0s-0.2,0.5,0,0.7L24.3,4\n                    H0.5C0.2,4,0,4.2,0,4.5S0.2,5,0.5,5h23.8l-2.7,2.7c-0.2,0.2-0.2,0.5,0,0.7c0.1,0.1,0.2,0.1,0.4,0.1s0.3,0,0.4-0.1l3.5-3.5\n                    C25.9,4.8,25.9,4.8,26,4.7z\"\/>\n                <\/svg>\n                <svg class=\"mkdf-btn-svg-two\" version=\"1.1\" xmlns=\"http:\/\/www.w3.org\/2000\/svg\" xmlns:xlink=\"http:\/\/www.w3.org\/1999\/xlink\" x=\"0px\" y=\"0px\"\n                     viewBox=\"0 0 26 9\" style=\"enable-background:new 0 0 26 9;\" xml:space=\"preserve\">\n                    <path d=\"M26,4.7C26,4.6,26,4.4,26,4.3c0-0.1-0.1-0.1-0.1-0.2l-3.5-3.5c-0.2-0.2-0.5-0.2-0.7,0s-0.2,0.5,0,0.7L24.3,4\n                    H0.5C0.2,4,0,4.2,0,4.5S0.2,5,0.5,5h23.8l-2.7,2.7c-0.2,0.2-0.2,0.5,0,0.7c0.1,0.1,0.2,0.1,0.4,0.1s0.3,0,0.4-0.1l3.5-3.5\n                    C25.9,4.8,25.9,4.8,26,4.7z\"\/>\n                <\/svg>\n            <\/a>\t\t<\/div>\n\t<\/div>\n<\/div><\/div>[\/vc_column_inner][\/vc_row_inner][\/vc_column][\/vc_row][vc_row full_width=&#8221;stretch_row_content&#8221; enable_grid_lines=&#8221;&#8221; css=&#8221;.vc_custom_1611668859326{padding-top: 100px !important;}&#8221;][vc_column]<div class=\"mkdf-section-title-holder  mkdf-st-standard   \" >\n\t<div class=\"mkdf-st-inner\">\n        \t\t\t\t\t<h3 class=\"mkdf-st-title\" >\n\t\t\t\tYou don't have cryptocurrencies?\t\t\t<\/h3>\n\t\t        \t\t\t\t\t<p class=\"mkdf-st-text\" >\n\t\t\t\tBuy them safely on the BitBay exchange, number 1 in Poland.\t\t\t<\/p>\n\t\t\t<\/div>\n<\/div>[vc_row_inner row_content_width=&#8221;grid&#8221; enable_grid_lines=&#8221;&#8221; content_text_aligment=&#8221;center&#8221; css=&#8221;.vc_custom_1611656987272{padding-top: 60px !important;}&#8221;][vc_column_inner width=&#8221;1\/3&#8243;][vc_column_text]<\/p>\n<p style=\"text-align: center;\"><a href=\"https:\/\/kryptobot.net\/bitbay\" rel=\"nofollow\"><br \/>\n<img decoding=\"async\" src=\"https:\/\/folder.bitbay.net\/en\/bitbay-image\/SZ9ENG.png\" alt=\"BitBay - Najwi\u0119ksza Polska gie\u0142da cyfrowych walut\" \/><br \/>\n<\/a><\/p>\n<p>[\/vc_column_text][\/vc_column_inner][vc_column_inner width=&#8221;1\/3&#8243;][vc_column_text]<\/p>\n<p style=\"text-align: center;\"><a href=\"https:\/\/kryptobot.net\/bitbay\" rel=\"nofollow\"><br \/>\n<img decoding=\"async\" src=\"https:\/\/folder.bitbay.net\/en\/bitbay-image\/S9ENG.png\" alt=\"BitBay - Najwi\u0119ksza Polska gie\u0142da cyfrowych walut\" \/><br \/>\n<\/a><\/p>\n<p>[\/vc_column_text][\/vc_column_inner][vc_column_inner width=&#8221;1\/3&#8243;][vc_column_text]<\/p>\n<p style=\"text-align: center;\"><a href=\"https:\/\/kryptobot.net\/bitbay\" rel=\"nofollow\"><br \/>\n<img decoding=\"async\" src=\"https:\/\/folder.bitbay.net\/en\/bitbay-image\/PRZ9ENG.png\" alt=\"BitBay - Najwi\u0119ksza Polska gie\u0142da cyfrowych walut\" \/><br \/>\n<\/a><\/p>\n<p>[\/vc_column_text][\/vc_column_inner][\/vc_row_inner][\/vc_column][\/vc_row]<\/p>\n","protected":false},"excerpt":{"rendered":"<p>[vc_row row_content_width=&#8221;grid&#8221; enable_grid_lines=&#8221;&#8221;][vc_column offset=&#8221;vc_col-lg-12 vc_col-md-12&#8243;][\/vc_column][\/vc_row][vc_row enable_grid_lines=&#8221;&#8221; enable_skewed_section_effect=&#8221;yes&#8221; skewed_section_effect_top=&#8221;yes&#8221; skewed_section_effect_top_directions=&#8221;left-down-right&#8221; css=&#8221;.vc_custom_1541606417399{margin-right: 6% !important;margin-left: 6% !important;padding-bottom: 100px !important;}&#8221; simple_background_color=&#8221;#f2f7ff&#8221;][vc_column][vc_row_inner enable_grid_lines=&#8221;&#8221;][vc_column_inner width=&#8221;5\/12&#8243;][\/vc_column_inner][vc_column_inner width=&#8221;7\/12&#8243; css=&#8221;.vc_custom_1541606408232{margin-top: -48% !important;}&#8221;][\/vc_column_inner][\/vc_row_inner][\/vc_column][\/vc_row][vc_row row_content_width=&#8221;grid&#8221; enable_grid_lines=&#8221;&#8221; css=&#8221;.vc_custom_1545302309047{padding-top: 110px !important;padding-bottom: 200px !important;}&#8221;][vc_column][vc_empty_space][\/vc_column][\/vc_row][vc_row [&hellip;]<\/p>\n","protected":false},"author":1,"featured_media":0,"parent":0,"menu_order":0,"comment_status":"closed","ping_status":"closed","template":"full-width.php","meta":{"inline_featured_image":false,"footnotes":""},"class_list":["post-24851","page","type-page","status-publish","hentry"],"yoast_head":"<!-- This site is optimized with the Yoast SEO plugin v27.0 - https:\/\/yoast.com\/product\/yoast-seo-wordpress\/ -->\n<title>How it works? KryptoBot<\/title>\n<meta name=\"description\" content=\"Launch KryptoBot in 30 seconds and start cryptocurrency auto trading. You don&#039;t need to be a professional trader!\" \/>\n<meta name=\"robots\" content=\"index, follow, max-snippet:-1, max-image-preview:large, max-video-preview:-1\" \/>\n<link rel=\"canonical\" href=\"https:\/\/kryptobot.net\/en\/how-it-works\/\" \/>\n<meta property=\"og:locale\" content=\"en_US\" \/>\n<meta property=\"og:type\" content=\"article\" \/>\n<meta property=\"og:title\" content=\"How it works? KryptoBot\" \/>\n<meta property=\"og:description\" content=\"Launch KryptoBot in 30 seconds and start cryptocurrency auto trading. You don&#039;t need to be a professional trader!\" \/>\n<meta property=\"og:url\" content=\"https:\/\/kryptobot.net\/en\/how-it-works\/\" \/>\n<meta property=\"og:site_name\" content=\"KryptoBot - inteligentny handel kryptowalutami\" \/>\n<meta property=\"article:publisher\" content=\"https:\/\/www.facebook.com\/KryptoBot-422089194898186\" \/>\n<meta property=\"article:modified_time\" content=\"2021-02-01T15:28:24+00:00\" \/>\n<meta property=\"og:image\" content=\"https:\/\/folder.bitbay.net\/en\/bitbay-image\/SZ9ENG.png\" \/>\n<meta name=\"twitter:card\" content=\"summary_large_image\" \/>\n<meta name=\"twitter:label1\" content=\"Est. reading time\" \/>\n\t<meta name=\"twitter:data1\" content=\"4 minutes\" \/>\n<!-- \/ Yoast SEO plugin. -->","yoast_head_json":{"title":"How it works? KryptoBot","description":"Launch KryptoBot in 30 seconds and start cryptocurrency auto trading. You don't need to be a professional trader!","robots":{"index":"index","follow":"follow","max-snippet":"max-snippet:-1","max-image-preview":"max-image-preview:large","max-video-preview":"max-video-preview:-1"},"canonical":"https:\/\/kryptobot.net\/en\/how-it-works\/","og_locale":"en_US","og_type":"article","og_title":"How it works? KryptoBot","og_description":"Launch KryptoBot in 30 seconds and start cryptocurrency auto trading. You don't need to be a professional trader!","og_url":"https:\/\/kryptobot.net\/en\/how-it-works\/","og_site_name":"KryptoBot - inteligentny handel kryptowalutami","article_publisher":"https:\/\/www.facebook.com\/KryptoBot-422089194898186","article_modified_time":"2021-02-01T15:28:24+00:00","og_image":[{"url":"https:\/\/folder.bitbay.net\/en\/bitbay-image\/SZ9ENG.png","type":"","width":"","height":""}],"twitter_card":"summary_large_image","twitter_misc":{"Est. reading time":"4 minutes"},"schema":{"@context":"https:\/\/schema.org","@graph":[{"@type":"WebPage","@id":"https:\/\/kryptobot.net\/en\/how-it-works\/","url":"https:\/\/kryptobot.net\/en\/how-it-works\/","name":"How it works? KryptoBot","isPartOf":{"@id":"https:\/\/kryptobot.net\/#website"},"primaryImageOfPage":{"@id":"https:\/\/kryptobot.net\/en\/how-it-works\/#primaryimage"},"image":{"@id":"https:\/\/kryptobot.net\/en\/how-it-works\/#primaryimage"},"thumbnailUrl":"https:\/\/folder.bitbay.net\/en\/bitbay-image\/SZ9ENG.png","datePublished":"2021-01-31T14:20:17+00:00","dateModified":"2021-02-01T15:28:24+00:00","description":"Launch KryptoBot in 30 seconds and start cryptocurrency auto trading. You don't need to be a professional trader!","breadcrumb":{"@id":"https:\/\/kryptobot.net\/en\/how-it-works\/#breadcrumb"},"inLanguage":"en-US","potentialAction":[{"@type":"ReadAction","target":["https:\/\/kryptobot.net\/en\/how-it-works\/"]}]},{"@type":"ImageObject","inLanguage":"en-US","@id":"https:\/\/kryptobot.net\/en\/how-it-works\/#primaryimage","url":"https:\/\/folder.bitbay.net\/en\/bitbay-image\/SZ9ENG.png","contentUrl":"https:\/\/folder.bitbay.net\/en\/bitbay-image\/SZ9ENG.png"},{"@type":"BreadcrumbList","@id":"https:\/\/kryptobot.net\/en\/how-it-works\/#breadcrumb","itemListElement":[{"@type":"ListItem","position":1,"name":"Strona g\u0142\u00f3wna","item":"https:\/\/kryptobot.net\/en\/"},{"@type":"ListItem","position":2,"name":"How it works?"}]},{"@type":"WebSite","@id":"https:\/\/kryptobot.net\/#website","url":"https:\/\/kryptobot.net\/","name":"KryptoBot - inteligentny handel kryptowalutami","description":"Skuteczne narz\u0119dzie do auto-tradingu. KryptoBot handluje kryptowalutami za Ciebie generuj\u0105c zyski! Sprawd\u017a za darmo!","publisher":{"@id":"https:\/\/kryptobot.net\/#organization"},"potentialAction":[{"@type":"SearchAction","target":{"@type":"EntryPoint","urlTemplate":"https:\/\/kryptobot.net\/?s={search_term_string}"},"query-input":{"@type":"PropertyValueSpecification","valueRequired":true,"valueName":"search_term_string"}}],"inLanguage":"en-US"},{"@type":"Organization","@id":"https:\/\/kryptobot.net\/#organization","name":"KryptoBot Sp. z o.o.","url":"https:\/\/kryptobot.net\/","logo":{"@type":"ImageObject","inLanguage":"en-US","@id":"https:\/\/kryptobot.net\/#\/schema\/logo\/image\/","url":"https:\/\/kryptobot.net\/wp-content\/uploads\/2021\/01\/Blue_256.png","contentUrl":"https:\/\/kryptobot.net\/wp-content\/uploads\/2021\/01\/Blue_256.png","width":256,"height":256,"caption":"KryptoBot Sp. z o.o."},"image":{"@id":"https:\/\/kryptobot.net\/#\/schema\/logo\/image\/"},"sameAs":["https:\/\/www.facebook.com\/KryptoBot-422089194898186","https:\/\/www.instagram.com\/kryptobot_trading_bot\/","https:\/\/www.youtube.com\/channel\/UCvmnolV5k_nAKc9Wy1N4xkg"]}]}},"_links":{"self":[{"href":"https:\/\/kryptobot.net\/en\/wp-json\/wp\/v2\/pages\/24851","targetHints":{"allow":["GET"]}}],"collection":[{"href":"https:\/\/kryptobot.net\/en\/wp-json\/wp\/v2\/pages"}],"about":[{"href":"https:\/\/kryptobot.net\/en\/wp-json\/wp\/v2\/types\/page"}],"author":[{"embeddable":true,"href":"https:\/\/kryptobot.net\/en\/wp-json\/wp\/v2\/users\/1"}],"replies":[{"embeddable":true,"href":"https:\/\/kryptobot.net\/en\/wp-json\/wp\/v2\/comments?post=24851"}],"version-history":[{"count":8,"href":"https:\/\/kryptobot.net\/en\/wp-json\/wp\/v2\/pages\/24851\/revisions"}],"predecessor-version":[{"id":24914,"href":"https:\/\/kryptobot.net\/en\/wp-json\/wp\/v2\/pages\/24851\/revisions\/24914"}],"wp:attachment":[{"href":"https:\/\/kryptobot.net\/en\/wp-json\/wp\/v2\/media?parent=24851"}],"curies":[{"name":"wp","href":"https:\/\/api.w.org\/{rel}","templated":true}]}}