{"id":24865,"date":"2021-01-31T15:38:30","date_gmt":"2021-01-31T14:38:30","guid":{"rendered":"https:\/\/kryptobot.net\/?page_id=24865"},"modified":"2021-02-01T16:27:47","modified_gmt":"2021-02-01T15:27:47","slug":"last-transactions","status":"publish","type":"page","link":"https:\/\/kryptobot.net\/en\/last-transactions\/","title":{"rendered":"Last transactions"},"content":{"rendered":"<p>[vc_row row_content_width=&#8221;grid&#8221; enable_grid_lines=&#8221;&#8221;][vc_column offset=&#8221;vc_col-lg-12 vc_col-md-12&#8243;]<div class=\"mkdf-elements-holder   mkdf-one-column  mkdf-responsive-mode-768 \" ><div class=\"mkdf-eh-item    \"  data-item-class=\"mkdf-eh-custom-8620\" data-1367-1600=\"91px 690px 95px 70px\" data-1025-1366=\"91px 520px 95px 0\" data-769-1024=\"109px 200px 275px 0\" data-681-768=\"109px 70px 208px 0\" data-680=\"114px 0px 170px 0\">\n\t<div class=\"mkdf-eh-item-inner\">\n\t\t<div class=\"mkdf-eh-item-content mkdf-eh-custom-8620\" style=\"padding: 91px 730px 165px 0\">\n\t\t\t<div class=\"mkdf-section-title-holder  mkdf-st-standard  mkdf-st-left-aligned \" style=\"text-align: left\">\n\t<div class=\"mkdf-st-inner\">\n        \t\t\t\t\t<h2 class=\"mkdf-st-title\" >\n\t\t\t\tSee how<br \/> <span class=\"mkdf-st-title-hightlight\" data-text=\"KryptoBot\"><span>KryptoBot<\/span><\/span> works\t\t\t<\/h2>\n\t\t        \t\t\t\t\t<p class=\"mkdf-st-text\" style=\"font-size: 18px;margin-top: 26px\">\n\t\t\t\tYou are looking at the real transactions of our users.\t\t\t<\/p>\n\t\t\t<\/div>\n<\/div>\t\t<\/div>\n\t<\/div>\n<\/div><\/div>[\/vc_column][\/vc_row][vc_row enable_grid_lines=&#8221;&#8221; enable_skewed_section_effect=&#8221;yes&#8221; skewed_section_effect_top=&#8221;yes&#8221; skewed_section_effect_top_directions=&#8221;left-down-right&#8221; css=&#8221;.vc_custom_1541608528684{margin-right: 6% !important;margin-left: 6% !important;padding-bottom: 100px !important;}&#8221; simple_background_color=&#8221;#f2f7ff&#8221;][vc_column][vc_row_inner enable_grid_lines=&#8221;&#8221;][vc_column_inner width=&#8221;5\/12&#8243;][\/vc_column_inner][vc_column_inner width=&#8221;7\/12&#8243; css=&#8221;.vc_custom_1541608479478{margin-top: -48% !important;}&#8221;]<div class=\"mkdf-elements-holder   mkdf-one-column  mkdf-responsive-mode-768 \" ><div class=\"mkdf-eh-item    \"  data-item-class=\"mkdf-eh-custom-9097\" data-1367-1600=\"0 60px 0 0\" data-1025-1366=\"0 50px 0 50px\" data-769-1024=\"0px 0 0 0\" data-681-768=\"0px 0 0 0\" data-680=\"0px 0 0 0\">\n\t<div class=\"mkdf-eh-item-inner\">\n\t\t<div class=\"mkdf-eh-item-content mkdf-eh-custom-9097\" style=\"padding: 0 0 0 0\">\n\t\t\t<div class=\"mkdf-single-image-holder   \">\n    <div class=\"mkdf-si-inner\" >\n                                    <img loading=\"lazy\" decoding=\"async\" width=\"721\" height=\"513\" src=\"https:\/\/kryptobot.net\/wp-content\/uploads\/2018\/11\/our-services-top-backround-img.png\" class=\"attachment-full size-full\" alt=\"v\" srcset=\"https:\/\/kryptobot.net\/wp-content\/uploads\/2018\/11\/our-services-top-backround-img.png 721w, https:\/\/kryptobot.net\/wp-content\/uploads\/2018\/11\/our-services-top-backround-img-600x427.png 600w, https:\/\/kryptobot.net\/wp-content\/uploads\/2018\/11\/our-services-top-backround-img-300x213.png 300w\" sizes=\"auto, (max-width: 721px) 100vw, 721px\" \/>                        <\/div>\n<\/div>\t\t<\/div>\n\t<\/div>\n<\/div><\/div>[\/vc_column_inner][\/vc_row_inner][\/vc_column][\/vc_row][vc_row row_content_width=&#8221;grid&#8221; enable_grid_lines=&#8221;&#8221; css=&#8221;.vc_custom_1611673059568{padding-top: 80px !important;padding-bottom: 180px !important;}&#8221;][vc_column][vc_raw_html el_class=&#8221;scroll_it&#8221;]JTNDdGFibGUlMjBjbGFzcyUzRCUyMmN1c3RvbS10YWJsZSUyMiUyMHdpZHRoJTNEJTIyMTAwJTI1JTIyJTNFJTBBJTNDdGJvZHklM0UlMEElM0N0ciUzRSUwQSUwOSUzQ3RoJTNFJTNDJTJGdGglM0UlMEElMDklM0N0aCUzRUhyLiUzQyUyRnRoJTNFJTBBJTA5JTNDdGglM0VQYWlyJTNDJTJGdGglM0UlMEElMDklM0N0aCUzRUludmVzdG1lbnQlM0MlMkZ0aCUzRSUwQSUwOSUzQ3RoJTNFUHJvZml0JTNDJTJGdGglM0UlMEElMDklM0N0aCUzRSUzQyUyRnRoJTNFJTBBJTA5JTNDdGglMjBjb2xzcGFuJTNEJTIyNCUyMiUyMHdpZHRoJTIwJTNEJTIwJTIyMzAwJTIyJTNFQnV5ZXIlMjdzJTIwc2V0dGluZ3MlM0MlMkZ0aCUzRSUwQSUzQyUyRnRyJTNFJTBBJTNDdHIlMjBuZy1yZXBlYXQlM0QlMjJyb3clMjBpbiUyMHJvd3MlMjIlM0UlMEElMDklM0N0ZCUzRSUzQ2ltZyUyMG5nLXNyYyUyMCUzRCUyMCUyNyUyRndwLWNvbnRlbnQlMkZ1cGxvYWRzJTJGbWFya2V0cyUyRm1hcmtldF9zbWFsbF8lN0IlN0Jyb3cubWFya2V0JTdEJTdELnBuZyUyNyUyMHdpZHRoJTIwJTNEJTIwJTI3MjYlMjclMjBzdHlsZSUyMCUzRCUyMCUyMmRpc3BsYXklM0FpbmxpbmUlM0IlMjB2ZXJ0aWNhbC1hbGlnbiUzQSUyMC03cHglM0IlMjIlMjAlMjAlMkYlM0UlM0MlMkZ0ZCUzRSUwQSUwOSUzQ3RkJTNFJTdCJTdCcm93LnNvbGRfZGF0ZSU3RCU3RCUzQyUyRnRkJTNFJTBBJTA5JTNDdGQlM0UlN0IlN0Jyb3cucGFpciU3RCU3RCUzQyUyRnRkJTNFJTBBJTA5JTNDdGQlMjBjbGFzcyUyMCUzRCUyMCUyMiU3QiU3QnJvdy5jb2xvciU3RCU3RCUyMiUzRSU3QiU3QnJvdy5hbW91bnQlN0QlN0QlMjAlN0IlN0Jyb3cucGF5bWVudF9jdXJyZW5jeSU3RCU3RCUzQyUyRnRkJTNFJTBBJTA5JTNDdGQlMjBjbGFzcyUyMCUzRCUyMCUyMiU3QiU3QnJvdy5jb2xvciU3RCU3RCUyMiUzRSU3QiU3QnJvdy5wcm9maXQlN0QlN0QlMjAlN0IlN0Jyb3cucGF5bWVudF9jdXJyZW5jeSU3RCU3RCUzQyUyRnRkJTNFJTBBJTA5JTNDdGQlM0UlM0NzcGFuJTIwY2xhc3MlM0QlMjJsYWJlbCUyMGxhYmVsLSU3QiU3QnJvdy5jb2xvciU3RCU3RCUyMiUzRSU3QiU3QnJvdy5wZXJjZW50JTdEJTdEJTIwJTI1JTNDJTJGc3BhbiUzRSUzQyUyRnRkJTNFJTBBJTBBJTA5JTNDdGQlMjBuZy1pZiUzRCUyMnJvdy5zdG9wX2xpbWl0JTIwJTNDJTIwMSUyMiUzRSU3QiU3QnJvdy5idXlfd2hlbiU3RCU3RCUzQyUyRnRkJTNFJTBBJTA5JTNDdGQlMjBuZy1pZiUzRCUyMnJvdy5zdG9wX2xpbWl0JTIwJTNDJTIwMSUyMiUzRSU3QiU3QnJvdy5idXlfZnJvbSU3RCU3RCUyMC0lMjAlN0IlN0Jyb3cuYnV5X3RvJTdEJTdEJTI1JTNDJTJGdGQlM0UlMEElMDklM0N0ZCUyMG5nLWlmJTNEJTIycm93LnN0b3BfbGltaXQlMjAlM0MlMjAxJTIyJTNFJTdCJTdCcm93LnBlcmlvZCU3RCU3RCUzQyUyRnRkJTNFJTBBJTA5JTNDdGQlMjBuZy1pZiUzRCUyMnJvdy5zdG9wX2xpbWl0JTIwJTNDJTIwMSUyMiUzRSU3QiU3QnJvdy5idXlfc2NhbGUlN0QlN0QlM0MlMkZ0ZCUzRSUwQSUwQSUwOSUzQ3RkJTIwbmctaWYlM0QlMjJyb3cuc3RvcF9saW1pdCUyMCUzRSUyMDAlMjIlMjBjb2xzcGFuJTNEJTIyNCUyMiUzRSU3QiU3QnJvdy5yYXRlJTdEJTdEJTIwJTdCJTdCcm93LnN0b3BfbGltaXQlN0QlN0QlMjAlN0IlN0Jyb3cucGF5bWVudF9jdXJyZW5jeSU3RCU3RCUzQyUyRnRkJTNFJTBBJTA5JTBBJTA5JTA5JTA5JTBBJTNDJTJGdHIlM0UlMEElM0MlMkZ0Ym9keSUzRSUwQSUzQyUyRnRhYmxlJTNF[\/vc_raw_html][vc_row_inner enable_grid_lines=&#8221;&#8221; css=&#8221;.vc_custom_1611673353118{padding-top: 160px !important;}&#8221;][vc_column_inner]<div class=\"mkdf-section-title-holder  mkdf-st-standard   \" >\n\t<div class=\"mkdf-st-inner\">\n        \t\t\t\t\t<h2 class=\"mkdf-st-title\" >\n\t\t\t\tHow we earn?\t\t\t<\/h2>\n\t\t        \t\t\t\t\t<p class=\"mkdf-st-text\" >\n\t\t\t\tWe charge a 10% commission on your profit.<br \/>\nTo use KryptoBot, you need to top up your account.\t\t\t<\/p>\n\t\t\t<\/div>\n<\/div>[\/vc_column_inner][\/vc_row_inner][\/vc_column][\/vc_row][vc_row enable_grid_lines=&#8221;&#8221; enable_skewed_section_effect=&#8221;yes&#8221; skewed_section_effect_top=&#8221;yes&#8221; skewed_section_effect_top_directions=&#8221;left-down-right&#8221; css=&#8221;.vc_custom_1542272379280{margin-right: 6% !important;margin-left: 6% !important;padding-top: 99px !important;padding-bottom: 101px !important;}&#8221; simple_background_color=&#8221;#f2f7ff&#8221;][vc_column][vc_row_inner row_content_width=&#8221;grid&#8221; enable_grid_lines=&#8221;&#8221;][vc_column_inner]<div class=\"mkdf-pricing-tables mkdf-grid-list mkdf-disable-bottom-space clearfix  mkdf-three-columns mkdf-normal-space\"><div class=\"mkdf-pt-wrapper mkdf-outer-space\"><div class=\"mkdf-price-table mkdf-item-space \">\n    <div class=\"mkdf-pt-inner\" >\n        <ul>\n            <li class=\"mkdf-pt-prices\">\n                <span class=\"mkdf-pt-price\" >15<\/span>\n                <sup class=\"mkdf-pt-value\" ><\/sup>\n                <span class=\"mkdf-pt-mark\" >USD<\/span>\n            <\/li>\n            <li class=\"mkdf-pt-content-holder\">\n                <ul>\n                    <li class=\"mkdf-pt-title-holder\">\n                        <span class=\"mkdf-pt-title\" >Start<\/span>\n                    <\/li>\n                    <li class=\"mkdf-pt-additional-title-holder\">\n                        <span class=\"mkdf-pt-additional-title\" >For use 15 USD<\/span>\n                    <\/li>\n                                        <li class=\"mkdf-pt-content\">\n                        \n<ul>\n<li><span style=\"color: #c9cfff;\">limit of active tasks: 20<\/span><\/li>\n<li><span style=\"color: #c9cfff;\">you receive 15.0000 KBT<\/span><\/li>\n<li><span style=\"color: #c9cfff;\">investment module for free<\/span><\/li>\n<li><span style=\"color: #c9cfff;\">mobile app<\/span><\/li>\n<\/ul>\n                    <\/li>\n                                            <li class=\"mkdf-pt-button\">\n                            <a itemprop=\"url\" href=\"https:\/\/app.kryptobot.net\" target=\"_self\" style=\"background-color: #3e49f3\" class=\"mkdf-btn mkdf-btn-medium mkdf-btn-solid mkdf-btn-predefined-arrow\"  >    <span class=\"mkdf-btn-text\">CHECK FOR FREE<\/span>                    <svg class=\"mkdf-btn-svg-one\" version=\"1.1\" xmlns=\"http:\/\/www.w3.org\/2000\/svg\" xmlns:xlink=\"http:\/\/www.w3.org\/1999\/xlink\" x=\"0px\" y=\"0px\"                     viewBox=\"0 0 26 9\" style=\"enable-background:new 0 0 26 9;\" xml:space=\"preserve\">                    <path d=\"M26,4.7C26,4.6,26,4.4,26,4.3c0-0.1-0.1-0.1-0.1-0.2l-3.5-3.5c-0.2-0.2-0.5-0.2-0.7,0s-0.2,0.5,0,0.7L24.3,4                    H0.5C0.2,4,0,4.2,0,4.5S0.2,5,0.5,5h23.8l-2.7,2.7c-0.2,0.2-0.2,0.5,0,0.7c0.1,0.1,0.2,0.1,0.4,0.1s0.3,0,0.4-0.1l3.5-3.5                    C25.9,4.8,25.9,4.8,26,4.7z\"\/>                <\/svg>                <svg class=\"mkdf-btn-svg-two\" version=\"1.1\" xmlns=\"http:\/\/www.w3.org\/2000\/svg\" xmlns:xlink=\"http:\/\/www.w3.org\/1999\/xlink\" x=\"0px\" y=\"0px\"                     viewBox=\"0 0 26 9\" style=\"enable-background:new 0 0 26 9;\" xml:space=\"preserve\">                    <path d=\"M26,4.7C26,4.6,26,4.4,26,4.3c0-0.1-0.1-0.1-0.1-0.2l-3.5-3.5c-0.2-0.2-0.5-0.2-0.7,0s-0.2,0.5,0,0.7L24.3,4                    H0.5C0.2,4,0,4.2,0,4.5S0.2,5,0.5,5h23.8l-2.7,2.7c-0.2,0.2-0.2,0.5,0,0.7c0.1,0.1,0.2,0.1,0.4,0.1s0.3,0,0.4-0.1l3.5-3.5                    C25.9,4.8,25.9,4.8,26,4.7z\"\/>                <\/svg>            <\/a>                        <\/li>\n                                    <\/ul>\n            <\/li>\n        <\/ul>\n    <\/div>\n<\/div><div class=\"mkdf-price-table mkdf-item-space \">\n    <div class=\"mkdf-pt-inner\" >\n        <ul>\n            <li class=\"mkdf-pt-prices\">\n                <span class=\"mkdf-pt-price\" >20<\/span>\n                <sup class=\"mkdf-pt-value\" ><\/sup>\n                <span class=\"mkdf-pt-mark\" >USD<\/span>\n            <\/li>\n            <li class=\"mkdf-pt-content-holder\">\n                <ul>\n                    <li class=\"mkdf-pt-title-holder\">\n                        <span class=\"mkdf-pt-title\" >Basic<\/span>\n                    <\/li>\n                    <li class=\"mkdf-pt-additional-title-holder\">\n                        <span class=\"mkdf-pt-additional-title\" >For use 25 USD<\/span>\n                    <\/li>\n                                        <li class=\"mkdf-pt-content\">\n                        \n<ul>\n<li><span style=\"color: #c9cfff;\">limitof active tasks: 20<\/span><\/li>\n<li><span style=\"color: #c9cfff;\">you receive 50.0000 KBT<\/span><\/li>\n<li><span style=\"color: #c9cfff;\">investment module for free<\/span><\/li>\n<li><span style=\"color: #c9cfff;\">mobile app<\/span><\/li>\n<\/ul>\n                    <\/li>\n                                            <li class=\"mkdf-pt-button\">\n                            <a itemprop=\"url\" href=\"https:\/\/app.kryptobot.net\" target=\"_self\" style=\"background-color: #3e49f3\" class=\"mkdf-btn mkdf-btn-medium mkdf-btn-solid mkdf-btn-predefined-arrow\"  >    <span class=\"mkdf-btn-text\">CHECK FOR FREE<\/span>                    <svg class=\"mkdf-btn-svg-one\" version=\"1.1\" xmlns=\"http:\/\/www.w3.org\/2000\/svg\" xmlns:xlink=\"http:\/\/www.w3.org\/1999\/xlink\" x=\"0px\" y=\"0px\"                     viewBox=\"0 0 26 9\" style=\"enable-background:new 0 0 26 9;\" xml:space=\"preserve\">                    <path d=\"M26,4.7C26,4.6,26,4.4,26,4.3c0-0.1-0.1-0.1-0.1-0.2l-3.5-3.5c-0.2-0.2-0.5-0.2-0.7,0s-0.2,0.5,0,0.7L24.3,4                    H0.5C0.2,4,0,4.2,0,4.5S0.2,5,0.5,5h23.8l-2.7,2.7c-0.2,0.2-0.2,0.5,0,0.7c0.1,0.1,0.2,0.1,0.4,0.1s0.3,0,0.4-0.1l3.5-3.5                    C25.9,4.8,25.9,4.8,26,4.7z\"\/>                <\/svg>                <svg class=\"mkdf-btn-svg-two\" version=\"1.1\" xmlns=\"http:\/\/www.w3.org\/2000\/svg\" xmlns:xlink=\"http:\/\/www.w3.org\/1999\/xlink\" x=\"0px\" y=\"0px\"                     viewBox=\"0 0 26 9\" style=\"enable-background:new 0 0 26 9;\" xml:space=\"preserve\">                    <path d=\"M26,4.7C26,4.6,26,4.4,26,4.3c0-0.1-0.1-0.1-0.1-0.2l-3.5-3.5c-0.2-0.2-0.5-0.2-0.7,0s-0.2,0.5,0,0.7L24.3,4                    H0.5C0.2,4,0,4.2,0,4.5S0.2,5,0.5,5h23.8l-2.7,2.7c-0.2,0.2-0.2,0.5,0,0.7c0.1,0.1,0.2,0.1,0.4,0.1s0.3,0,0.4-0.1l3.5-3.5                    C25.9,4.8,25.9,4.8,26,4.7z\"\/>                <\/svg>            <\/a>                        <\/li>\n                                    <\/ul>\n            <\/li>\n        <\/ul>\n    <\/div>\n<\/div><div class=\"mkdf-price-table mkdf-item-space \">\n    <div class=\"mkdf-pt-inner\" >\n        <ul>\n            <li class=\"mkdf-pt-prices\">\n                <span class=\"mkdf-pt-price\" >25<\/span>\n                <sup class=\"mkdf-pt-value\" ><\/sup>\n                <span class=\"mkdf-pt-mark\" >USD<\/span>\n            <\/li>\n            <li class=\"mkdf-pt-content-holder\">\n                <ul>\n                    <li class=\"mkdf-pt-title-holder\">\n                        <span class=\"mkdf-pt-title\" >Standard<\/span>\n                    <\/li>\n                    <li class=\"mkdf-pt-additional-title-holder\">\n                        <span class=\"mkdf-pt-additional-title\" >For use 30 USD<\/span>\n                    <\/li>\n                                        <li class=\"mkdf-pt-content\">\n                        \n<ul>\n<li><span style=\"color: #c9cfff;\">limit of active tasks: 20<\/span><\/li>\n<li><span style=\"color: #c9cfff;\">you receive 50.0000 KBT<\/span><\/li>\n<li><span style=\"color: #c9cfff;\">investment module for free<\/span><\/li>\n<li><span style=\"color: #c9cfff;\">mobile app<\/span><\/li>\n<\/ul>\n                    <\/li>\n                                            <li class=\"mkdf-pt-button\">\n                            <a itemprop=\"url\" href=\"https:\/\/app.kryptobot.net\" target=\"_self\" style=\"background-color: #ff4b36\" class=\"mkdf-btn mkdf-btn-medium mkdf-btn-solid mkdf-btn-predefined-arrow\"  >    <span class=\"mkdf-btn-text\">CHECK FOR FREE<\/span>                    <svg class=\"mkdf-btn-svg-one\" version=\"1.1\" xmlns=\"http:\/\/www.w3.org\/2000\/svg\" xmlns:xlink=\"http:\/\/www.w3.org\/1999\/xlink\" x=\"0px\" y=\"0px\"                     viewBox=\"0 0 26 9\" style=\"enable-background:new 0 0 26 9;\" xml:space=\"preserve\">                    <path d=\"M26,4.7C26,4.6,26,4.4,26,4.3c0-0.1-0.1-0.1-0.1-0.2l-3.5-3.5c-0.2-0.2-0.5-0.2-0.7,0s-0.2,0.5,0,0.7L24.3,4                    H0.5C0.2,4,0,4.2,0,4.5S0.2,5,0.5,5h23.8l-2.7,2.7c-0.2,0.2-0.2,0.5,0,0.7c0.1,0.1,0.2,0.1,0.4,0.1s0.3,0,0.4-0.1l3.5-3.5                    C25.9,4.8,25.9,4.8,26,4.7z\"\/>                <\/svg>                <svg class=\"mkdf-btn-svg-two\" version=\"1.1\" xmlns=\"http:\/\/www.w3.org\/2000\/svg\" xmlns:xlink=\"http:\/\/www.w3.org\/1999\/xlink\" x=\"0px\" y=\"0px\"                     viewBox=\"0 0 26 9\" style=\"enable-background:new 0 0 26 9;\" xml:space=\"preserve\">                    <path d=\"M26,4.7C26,4.6,26,4.4,26,4.3c0-0.1-0.1-0.1-0.1-0.2l-3.5-3.5c-0.2-0.2-0.5-0.2-0.7,0s-0.2,0.5,0,0.7L24.3,4                    H0.5C0.2,4,0,4.2,0,4.5S0.2,5,0.5,5h23.8l-2.7,2.7c-0.2,0.2-0.2,0.5,0,0.7c0.1,0.1,0.2,0.1,0.4,0.1s0.3,0,0.4-0.1l3.5-3.5                    C25.9,4.8,25.9,4.8,26,4.7z\"\/>                <\/svg>            <\/a>                        <\/li>\n                                    <\/ul>\n            <\/li>\n        <\/ul>\n    <\/div>\n<\/div><\/div><\/div>[\/vc_column_inner][\/vc_row_inner][\/vc_column][\/vc_row]<\/p>\n","protected":false},"excerpt":{"rendered":"<p>[vc_row row_content_width=&#8221;grid&#8221; enable_grid_lines=&#8221;&#8221;][vc_column offset=&#8221;vc_col-lg-12 vc_col-md-12&#8243;][\/vc_column][\/vc_row][vc_row enable_grid_lines=&#8221;&#8221; enable_skewed_section_effect=&#8221;yes&#8221; skewed_section_effect_top=&#8221;yes&#8221; skewed_section_effect_top_directions=&#8221;left-down-right&#8221; css=&#8221;.vc_custom_1541608528684{margin-right: 6% !important;margin-left: 6% !important;padding-bottom: 100px !important;}&#8221; simple_background_color=&#8221;#f2f7ff&#8221;][vc_column][vc_row_inner enable_grid_lines=&#8221;&#8221;][vc_column_inner width=&#8221;5\/12&#8243;][\/vc_column_inner][vc_column_inner width=&#8221;7\/12&#8243; css=&#8221;.vc_custom_1541608479478{margin-top: -48% !important;}&#8221;][\/vc_column_inner][\/vc_row_inner][\/vc_column][\/vc_row][vc_row row_content_width=&#8221;grid&#8221; enable_grid_lines=&#8221;&#8221; css=&#8221;.vc_custom_1611673059568{padding-top: 80px !important;padding-bottom: 180px !important;}&#8221;][vc_column][vc_raw_html [&hellip;]<\/p>\n","protected":false},"author":1,"featured_media":0,"parent":0,"menu_order":0,"comment_status":"closed","ping_status":"closed","template":"full-width.php","meta":{"inline_featured_image":false,"footnotes":""},"class_list":["post-24865","page","type-page","status-publish","hentry"],"yoast_head":"<!-- This site is optimized with the Yoast SEO plugin v27.0 - https:\/\/yoast.com\/product\/yoast-seo-wordpress\/ -->\n<title>Last trader&#039;s transactions - KryptoBot<\/title>\n<meta name=\"description\" content=\"You are looking at the real transactions of our users.\" \/>\n<meta name=\"robots\" content=\"index, follow, max-snippet:-1, max-image-preview:large, max-video-preview:-1\" \/>\n<link rel=\"canonical\" href=\"https:\/\/kryptobot.net\/en\/last-transactions\/\" \/>\n<meta property=\"og:locale\" content=\"en_US\" \/>\n<meta property=\"og:type\" content=\"article\" \/>\n<meta property=\"og:title\" content=\"Last trader&#039;s transactions - KryptoBot\" \/>\n<meta property=\"og:description\" content=\"You are looking at the real transactions of our users.\" \/>\n<meta property=\"og:url\" content=\"https:\/\/kryptobot.net\/en\/last-transactions\/\" \/>\n<meta property=\"og:site_name\" content=\"KryptoBot - inteligentny handel kryptowalutami\" \/>\n<meta property=\"article:publisher\" content=\"https:\/\/www.facebook.com\/KryptoBot-422089194898186\" \/>\n<meta property=\"article:modified_time\" content=\"2021-02-01T15:27:47+00:00\" \/>\n<meta property=\"og:image\" content=\"https:\/\/kryptobot.net\/wp-content\/uploads\/2021\/02\/kryptobot_cover.png\" \/>\n\t<meta property=\"og:image:width\" content=\"1200\" \/>\n\t<meta property=\"og:image:height\" content=\"630\" \/>\n\t<meta property=\"og:image:type\" content=\"image\/png\" \/>\n<meta name=\"twitter:card\" content=\"summary_large_image\" \/>\n<meta name=\"twitter:label1\" content=\"Est. reading time\" \/>\n\t<meta name=\"twitter:data1\" content=\"4 minutes\" \/>\n<!-- \/ Yoast SEO plugin. -->","yoast_head_json":{"title":"Last trader's transactions - KryptoBot","description":"You are looking at the real transactions of our users.","robots":{"index":"index","follow":"follow","max-snippet":"max-snippet:-1","max-image-preview":"max-image-preview:large","max-video-preview":"max-video-preview:-1"},"canonical":"https:\/\/kryptobot.net\/en\/last-transactions\/","og_locale":"en_US","og_type":"article","og_title":"Last trader's transactions - KryptoBot","og_description":"You are looking at the real transactions of our users.","og_url":"https:\/\/kryptobot.net\/en\/last-transactions\/","og_site_name":"KryptoBot - inteligentny handel kryptowalutami","article_publisher":"https:\/\/www.facebook.com\/KryptoBot-422089194898186","article_modified_time":"2021-02-01T15:27:47+00:00","og_image":[{"width":1200,"height":630,"url":"https:\/\/kryptobot.net\/wp-content\/uploads\/2021\/02\/kryptobot_cover.png","type":"image\/png"}],"twitter_card":"summary_large_image","twitter_misc":{"Est. reading time":"4 minutes"},"schema":{"@context":"https:\/\/schema.org","@graph":[{"@type":"WebPage","@id":"https:\/\/kryptobot.net\/en\/last-transactions\/","url":"https:\/\/kryptobot.net\/en\/last-transactions\/","name":"Last trader's transactions - KryptoBot","isPartOf":{"@id":"https:\/\/kryptobot.net\/#website"},"datePublished":"2021-01-31T14:38:30+00:00","dateModified":"2021-02-01T15:27:47+00:00","description":"You are looking at the real transactions of our users.","breadcrumb":{"@id":"https:\/\/kryptobot.net\/en\/last-transactions\/#breadcrumb"},"inLanguage":"en-US","potentialAction":[{"@type":"ReadAction","target":["https:\/\/kryptobot.net\/en\/last-transactions\/"]}]},{"@type":"BreadcrumbList","@id":"https:\/\/kryptobot.net\/en\/last-transactions\/#breadcrumb","itemListElement":[{"@type":"ListItem","position":1,"name":"Strona g\u0142\u00f3wna","item":"https:\/\/kryptobot.net\/en\/"},{"@type":"ListItem","position":2,"name":"Last transactions"}]},{"@type":"WebSite","@id":"https:\/\/kryptobot.net\/#website","url":"https:\/\/kryptobot.net\/","name":"KryptoBot - inteligentny handel kryptowalutami","description":"Skuteczne narz\u0119dzie do auto-tradingu. KryptoBot handluje kryptowalutami za Ciebie generuj\u0105c zyski! Sprawd\u017a za darmo!","publisher":{"@id":"https:\/\/kryptobot.net\/#organization"},"potentialAction":[{"@type":"SearchAction","target":{"@type":"EntryPoint","urlTemplate":"https:\/\/kryptobot.net\/?s={search_term_string}"},"query-input":{"@type":"PropertyValueSpecification","valueRequired":true,"valueName":"search_term_string"}}],"inLanguage":"en-US"},{"@type":"Organization","@id":"https:\/\/kryptobot.net\/#organization","name":"KryptoBot Sp. z o.o.","url":"https:\/\/kryptobot.net\/","logo":{"@type":"ImageObject","inLanguage":"en-US","@id":"https:\/\/kryptobot.net\/#\/schema\/logo\/image\/","url":"https:\/\/kryptobot.net\/wp-content\/uploads\/2021\/01\/Blue_256.png","contentUrl":"https:\/\/kryptobot.net\/wp-content\/uploads\/2021\/01\/Blue_256.png","width":256,"height":256,"caption":"KryptoBot Sp. z o.o."},"image":{"@id":"https:\/\/kryptobot.net\/#\/schema\/logo\/image\/"},"sameAs":["https:\/\/www.facebook.com\/KryptoBot-422089194898186","https:\/\/www.instagram.com\/kryptobot_trading_bot\/","https:\/\/www.youtube.com\/channel\/UCvmnolV5k_nAKc9Wy1N4xkg"]}]}},"_links":{"self":[{"href":"https:\/\/kryptobot.net\/en\/wp-json\/wp\/v2\/pages\/24865","targetHints":{"allow":["GET"]}}],"collection":[{"href":"https:\/\/kryptobot.net\/en\/wp-json\/wp\/v2\/pages"}],"about":[{"href":"https:\/\/kryptobot.net\/en\/wp-json\/wp\/v2\/types\/page"}],"author":[{"embeddable":true,"href":"https:\/\/kryptobot.net\/en\/wp-json\/wp\/v2\/users\/1"}],"replies":[{"embeddable":true,"href":"https:\/\/kryptobot.net\/en\/wp-json\/wp\/v2\/comments?post=24865"}],"version-history":[{"count":9,"href":"https:\/\/kryptobot.net\/en\/wp-json\/wp\/v2\/pages\/24865\/revisions"}],"predecessor-version":[{"id":24915,"href":"https:\/\/kryptobot.net\/en\/wp-json\/wp\/v2\/pages\/24865\/revisions\/24915"}],"wp:attachment":[{"href":"https:\/\/kryptobot.net\/en\/wp-json\/wp\/v2\/media?parent=24865"}],"curies":[{"name":"wp","href":"https:\/\/api.w.org\/{rel}","templated":true}]}}