{"id":24887,"date":"2021-01-31T21:37:39","date_gmt":"2021-01-31T20:37:39","guid":{"rendered":"https:\/\/kryptobot.net\/?page_id=24887"},"modified":"2021-02-19T09:17:26","modified_gmt":"2021-02-19T08:17:26","slug":"contact","status":"publish","type":"page","link":"https:\/\/kryptobot.net\/en\/contact\/","title":{"rendered":"Contact"},"content":{"rendered":"<p>[vc_row enable_grid_lines=&#8221;&#8221;][vc_column][\/vc_column][\/vc_row][vc_row content_placement=&#8221;top&#8221; row_content_width=&#8221;grid&#8221; enable_grid_lines=&#8221;&#8221; css=&#8221;.vc_custom_1543397977313{padding-top: 88px !important;padding-bottom: 130px !important;}&#8221;][vc_column offset=&#8221;vc_col-lg-offset-0 vc_col-lg-6 vc_col-md-offset-0 vc_col-md-12 vc_col-sm-offset-0&#8243;][vc_column_text]<\/p>\n<h3>Do you have a question?<\/h3>\n<p>[\/vc_column_text][vc_row_inner enable_grid_lines=&#8221;&#8221; css=&#8221;.vc_custom_1543397353819{padding-top: 30px !important;}&#8221;][vc_column_inner width=&#8221;1\/2&#8243;][vc_column_text css=&#8221;.vc_custom_1612125546887{padding-bottom: 15px !important;}&#8221;]<\/p>\n<h5 style=\"margin-bottom: -1px;\">Ask<\/h5>\n<p>[\/vc_column_text][vc_empty_space height=&#8221;12px&#8221;]<div class=\"mkdf-iwt clearfix mkdf-iwt-no-hover-shadow  mkdf-iwt-icon-left mkdf-iwt-icon-tiny\">\n    \t<div class=\"mkdf-iwt-icon\">\n\t\t\t\t\t<a itemprop=\"url\" href=\"mailto:hello@kryptobot.net\" target=\"_self\">\n\t\t\t\t\t\t\t\t\t    <span class=\"mkdf-icon-shortcode mkdf-normal   mkdf-icon-tiny\"  >\n                    <i class=\"mkdf-icon-simple-line-icon icon-paper-plane mkdf-icon-element\" style=\"\" ><\/i>            <\/span>\n\t\t\t\t\t\t\t\t<\/a>\n\t\t\t<\/div>\n\t<div class=\"mkdf-iwt-content\" style=\"padding-left: 18px\">\n        \t\t        \t\t\t\t\t<p class=\"mkdf-iwt-text\" style=\"margin-top: 0px\">hello@kryptobot.net<\/p>\n\t\t        \t<\/div>\n    <\/div>[vc_empty_space height=&#8221;15px&#8221;]<div class=\"mkdf-iwt clearfix mkdf-iwt-no-hover-shadow  mkdf-iwt-icon-left mkdf-iwt-icon-tiny\">\n    \t<div class=\"mkdf-iwt-icon\">\n\t\t\t\t\t\t\t\t\t    <span class=\"mkdf-icon-shortcode mkdf-normal   mkdf-icon-tiny\"  >\n                    <i class=\"mkdf-icon-simple-line-icon icon-pin mkdf-icon-element\" style=\"\" ><\/i>            <\/span>\n\t\t\t\t\t\t<\/div>\n\t<div class=\"mkdf-iwt-content\" style=\"padding-left: 18px\">\n        \t\t        \t\t\t\t\t<p class=\"mkdf-iwt-text\" style=\"margin-top: 0px\">Facebook Group<\/p>\n\t\t        \t<\/div>\n    <\/div>[vc_empty_space height=&#8221;30px&#8221;][\/vc_column_inner][vc_column_inner width=&#8221;1\/2&#8243;][vc_column_text css=&#8221;.vc_custom_1611663588740{padding-bottom: 15px !important;}&#8221;]<\/p>\n<h5 style=\"margin-bottom: -1px;\">KryptoBot Sp. z o.o.<\/h5>\n<p>[\/vc_column_text][vc_column_text]Bohdana Dobrza\u0144skiego 1<br \/>\n20-262 Lublin, Poland<\/p>\n<p>KRS: 0000762252<br \/>\nNIP: 9462685020<br \/>\nREGON: 382020506[\/vc_column_text][\/vc_column_inner][\/vc_row_inner][\/vc_column][vc_column offset=&#8221;vc_col-lg-offset-0 vc_col-lg-6 vc_col-md-offset-0 vc_col-md-12 vc_col-sm-offset-0&#8243;]<div class=\"mkdf-elements-holder   mkdf-one-column  mkdf-responsive-mode-768 \" ><div class=\"mkdf-eh-item    \"  data-item-class=\"mkdf-eh-custom-1504\" data-1367-1600=\"50px 1% 0 5%\" data-1025-1366=\"50px 0 0 0\" data-769-1024=\"109px 0 0 0\" data-681-768=\"109px 0 0 0\" data-680=\"109px 0 0 0\">\n\t<div class=\"mkdf-eh-item-inner\">\n\t\t<div class=\"mkdf-eh-item-content mkdf-eh-custom-1504\" style=\"padding: 0px 1% 0 5%\">\n\t\t\t[vc_column_text]<\/p>\n<h3>Write<\/h3>\n<p>[\/vc_column_text][vc_empty_space height=&#8221;50px&#8221;][vc_column_text]\n<div class=\"wpcf7 no-js\" id=\"wpcf7-f24893-o1\" lang=\"pl-PL\" dir=\"ltr\" data-wpcf7-id=\"24893\">\n<div class=\"screen-reader-response\"><p role=\"status\" aria-live=\"polite\" aria-atomic=\"true\"><\/p> <ul><\/ul><\/div>\n<form action=\"\/en\/wp-json\/wp\/v2\/pages\/24887#wpcf7-f24893-o1\" method=\"post\" class=\"wpcf7-form init\" aria-label=\"Formularz kontaktowy\" novalidate=\"novalidate\" data-status=\"init\">\n<fieldset class=\"hidden-fields-container\"><input type=\"hidden\" name=\"_wpcf7\" value=\"24893\" \/><input type=\"hidden\" name=\"_wpcf7_version\" value=\"6.1.5\" \/><input type=\"hidden\" name=\"_wpcf7_locale\" value=\"pl_PL\" \/><input type=\"hidden\" name=\"_wpcf7_unit_tag\" value=\"wpcf7-f24893-o1\" \/><input type=\"hidden\" name=\"_wpcf7_container_post\" value=\"0\" \/><input type=\"hidden\" name=\"_wpcf7_posted_data_hash\" value=\"\" \/><input type=\"hidden\" name=\"_wpcf7_recaptcha_response\" value=\"\" \/>\n<\/fieldset>\n<p><label> Name<br \/>\n<span class=\"wpcf7-form-control-wrap\" data-name=\"your-name\"><input size=\"40\" maxlength=\"400\" class=\"wpcf7-form-control wpcf7-text wpcf7-validates-as-required\" aria-required=\"true\" aria-invalid=\"false\" value=\"\" type=\"text\" name=\"your-name\" \/><\/span> <\/label>\n<\/p>\n<p><label> E-mail<br \/>\n<span class=\"wpcf7-form-control-wrap\" data-name=\"your-email\"><input size=\"40\" maxlength=\"400\" class=\"wpcf7-form-control wpcf7-email wpcf7-validates-as-required wpcf7-text wpcf7-validates-as-email\" aria-required=\"true\" aria-invalid=\"false\" value=\"\" type=\"email\" name=\"your-email\" \/><\/span> <\/label>\n<\/p>\n<p><label> Subject<br \/>\n<span class=\"wpcf7-form-control-wrap\" data-name=\"your-subject\"><input size=\"40\" maxlength=\"400\" class=\"wpcf7-form-control wpcf7-text wpcf7-validates-as-required\" aria-required=\"true\" aria-invalid=\"false\" value=\"\" type=\"text\" name=\"your-subject\" \/><\/span> <\/label>\n<\/p>\n<p><label> Message<br \/>\n<span class=\"wpcf7-form-control-wrap\" data-name=\"your-message\"><textarea cols=\"40\" rows=\"5\" maxlength=\"2000\" class=\"wpcf7-form-control wpcf7-textarea\" aria-invalid=\"false\" name=\"your-message\"><\/textarea><\/span> <\/label><br \/>\n<br \/>\n<button class=\"wpcf7-form-control wpcf7-submit mkdf-btn mkdf-btn-medium mkdf-btn-solid\" type=\"submit\"><span class=\"mkdf-btn-text\">Send<\/span><\/button>\n<\/p><div class=\"wpcf7-response-output\" aria-hidden=\"true\"><\/div>\n<\/form>\n<\/div>\n[\/vc_column_text]\t\t<\/div>\n\t<\/div>\n<\/div><\/div>[\/vc_column][\/vc_row]<\/p>\n","protected":false},"excerpt":{"rendered":"<p>[vc_row enable_grid_lines=&#8221;&#8221;][vc_column][\/vc_column][\/vc_row][vc_row content_placement=&#8221;top&#8221; row_content_width=&#8221;grid&#8221; enable_grid_lines=&#8221;&#8221; css=&#8221;.vc_custom_1543397977313{padding-top: 88px !important;padding-bottom: 130px !important;}&#8221;][vc_column offset=&#8221;vc_col-lg-offset-0 vc_col-lg-6 vc_col-md-offset-0 vc_col-md-12 vc_col-sm-offset-0&#8243;][vc_column_text] Do you have a question? [\/vc_column_text][vc_row_inner enable_grid_lines=&#8221;&#8221; css=&#8221;.vc_custom_1543397353819{padding-top: 30px !important;}&#8221;][vc_column_inner width=&#8221;1\/2&#8243;][vc_column_text css=&#8221;.vc_custom_1612125546887{padding-bottom: 15px !important;}&#8221;] Ask [&hellip;]<\/p>\n","protected":false},"author":1,"featured_media":0,"parent":0,"menu_order":0,"comment_status":"closed","ping_status":"closed","template":"full-width.php","meta":{"inline_featured_image":false,"footnotes":""},"class_list":["post-24887","page","type-page","status-publish","hentry"],"yoast_head":"<!-- This site is optimized with the Yoast SEO plugin v27.0 - https:\/\/yoast.com\/product\/yoast-seo-wordpress\/ -->\n<title>Contact - KryptoBot<\/title>\n<meta name=\"description\" content=\"Do you have any questions or suggestions?\" \/>\n<meta name=\"robots\" content=\"index, follow, max-snippet:-1, max-image-preview:large, max-video-preview:-1\" \/>\n<link rel=\"canonical\" href=\"https:\/\/kryptobot.net\/en\/contact\/\" \/>\n<meta property=\"og:locale\" content=\"en_US\" \/>\n<meta property=\"og:type\" content=\"article\" \/>\n<meta property=\"og:title\" content=\"Contact - KryptoBot\" \/>\n<meta property=\"og:description\" content=\"Do you have any questions or suggestions?\" \/>\n<meta property=\"og:url\" content=\"https:\/\/kryptobot.net\/en\/contact\/\" \/>\n<meta property=\"og:site_name\" content=\"KryptoBot - inteligentny handel kryptowalutami\" \/>\n<meta property=\"article:publisher\" content=\"https:\/\/www.facebook.com\/KryptoBot-422089194898186\" \/>\n<meta property=\"article:modified_time\" content=\"2021-02-19T08:17:26+00:00\" \/>\n<meta property=\"og:image\" content=\"https:\/\/kryptobot.net\/wp-content\/uploads\/2021\/02\/kryptobot_cover.png\" \/>\n\t<meta property=\"og:image:width\" content=\"1200\" \/>\n\t<meta property=\"og:image:height\" content=\"630\" \/>\n\t<meta property=\"og:image:type\" content=\"image\/png\" \/>\n<meta name=\"twitter:card\" content=\"summary_large_image\" \/>\n<meta name=\"twitter:label1\" content=\"Est. reading time\" \/>\n\t<meta name=\"twitter:data1\" content=\"1 minute\" \/>\n<!-- \/ Yoast SEO plugin. -->","yoast_head_json":{"title":"Contact - KryptoBot","description":"Do you have any questions or suggestions?","robots":{"index":"index","follow":"follow","max-snippet":"max-snippet:-1","max-image-preview":"max-image-preview:large","max-video-preview":"max-video-preview:-1"},"canonical":"https:\/\/kryptobot.net\/en\/contact\/","og_locale":"en_US","og_type":"article","og_title":"Contact - KryptoBot","og_description":"Do you have any questions or suggestions?","og_url":"https:\/\/kryptobot.net\/en\/contact\/","og_site_name":"KryptoBot - inteligentny handel kryptowalutami","article_publisher":"https:\/\/www.facebook.com\/KryptoBot-422089194898186","article_modified_time":"2021-02-19T08:17:26+00:00","og_image":[{"width":1200,"height":630,"url":"https:\/\/kryptobot.net\/wp-content\/uploads\/2021\/02\/kryptobot_cover.png","type":"image\/png"}],"twitter_card":"summary_large_image","twitter_misc":{"Est. reading time":"1 minute"},"schema":{"@context":"https:\/\/schema.org","@graph":[{"@type":"WebPage","@id":"https:\/\/kryptobot.net\/en\/contact\/","url":"https:\/\/kryptobot.net\/en\/contact\/","name":"Contact - KryptoBot","isPartOf":{"@id":"https:\/\/kryptobot.net\/#website"},"datePublished":"2021-01-31T20:37:39+00:00","dateModified":"2021-02-19T08:17:26+00:00","description":"Do you have any questions or suggestions?","breadcrumb":{"@id":"https:\/\/kryptobot.net\/en\/contact\/#breadcrumb"},"inLanguage":"en-US","potentialAction":[{"@type":"ReadAction","target":["https:\/\/kryptobot.net\/en\/contact\/"]}]},{"@type":"BreadcrumbList","@id":"https:\/\/kryptobot.net\/en\/contact\/#breadcrumb","itemListElement":[{"@type":"ListItem","position":1,"name":"Strona g\u0142\u00f3wna","item":"https:\/\/kryptobot.net\/en\/"},{"@type":"ListItem","position":2,"name":"Contact"}]},{"@type":"WebSite","@id":"https:\/\/kryptobot.net\/#website","url":"https:\/\/kryptobot.net\/","name":"KryptoBot - inteligentny handel kryptowalutami","description":"Skuteczne narz\u0119dzie do auto-tradingu. KryptoBot handluje kryptowalutami za Ciebie generuj\u0105c zyski! Sprawd\u017a za darmo!","publisher":{"@id":"https:\/\/kryptobot.net\/#organization"},"potentialAction":[{"@type":"SearchAction","target":{"@type":"EntryPoint","urlTemplate":"https:\/\/kryptobot.net\/?s={search_term_string}"},"query-input":{"@type":"PropertyValueSpecification","valueRequired":true,"valueName":"search_term_string"}}],"inLanguage":"en-US"},{"@type":"Organization","@id":"https:\/\/kryptobot.net\/#organization","name":"KryptoBot Sp. z o.o.","url":"https:\/\/kryptobot.net\/","logo":{"@type":"ImageObject","inLanguage":"en-US","@id":"https:\/\/kryptobot.net\/#\/schema\/logo\/image\/","url":"https:\/\/kryptobot.net\/wp-content\/uploads\/2021\/01\/Blue_256.png","contentUrl":"https:\/\/kryptobot.net\/wp-content\/uploads\/2021\/01\/Blue_256.png","width":256,"height":256,"caption":"KryptoBot Sp. z o.o."},"image":{"@id":"https:\/\/kryptobot.net\/#\/schema\/logo\/image\/"},"sameAs":["https:\/\/www.facebook.com\/KryptoBot-422089194898186","https:\/\/www.instagram.com\/kryptobot_trading_bot\/","https:\/\/www.youtube.com\/channel\/UCvmnolV5k_nAKc9Wy1N4xkg"]}]}},"_links":{"self":[{"href":"https:\/\/kryptobot.net\/en\/wp-json\/wp\/v2\/pages\/24887","targetHints":{"allow":["GET"]}}],"collection":[{"href":"https:\/\/kryptobot.net\/en\/wp-json\/wp\/v2\/pages"}],"about":[{"href":"https:\/\/kryptobot.net\/en\/wp-json\/wp\/v2\/types\/page"}],"author":[{"embeddable":true,"href":"https:\/\/kryptobot.net\/en\/wp-json\/wp\/v2\/users\/1"}],"replies":[{"embeddable":true,"href":"https:\/\/kryptobot.net\/en\/wp-json\/wp\/v2\/comments?post=24887"}],"version-history":[{"count":6,"href":"https:\/\/kryptobot.net\/en\/wp-json\/wp\/v2\/pages\/24887\/revisions"}],"predecessor-version":[{"id":25322,"href":"https:\/\/kryptobot.net\/en\/wp-json\/wp\/v2\/pages\/24887\/revisions\/25322"}],"wp:attachment":[{"href":"https:\/\/kryptobot.net\/en\/wp-json\/wp\/v2\/media?parent=24887"}],"curies":[{"name":"wp","href":"https:\/\/api.w.org\/{rel}","templated":true}]}}